{"id":72733,"date":"2022-04-11T17:37:18","date_gmt":"2022-04-11T15:37:18","guid":{"rendered":"https:\/\/www.sardegnasummer.it\/traghetti\/"},"modified":"2026-01-29T15:30:29","modified_gmt":"2026-01-29T14:30:29","slug":"faehren-und-werbeaktionen","status":"publish","type":"page","link":"https:\/\/www.sardegnasummer.it\/de\/faehren-und-werbeaktionen\/","title":{"rendered":"F\u00e4hren und Werbeaktionen"},"content":{"rendered":"\t\t<div data-elementor-type=\"wp-post\" data-elementor-id=\"72733\" class=\"elementor elementor-72733 elementor-21524\" data-elementor-settings=\"[]\">\n\t\t\t\t\t\t\t<div class=\"elementor-section-wrap\">\n\t\t\t\t\t\t\t<section class=\"elementor-section elementor-top-section elementor-element elementor-element-eeca04e elementor-section-boxed elementor-section-height-default elementor-section-height-default wpr-particle-no wpr-jarallax-no wpr-parallax-no wpr-sticky-section-no\" data-id=\"eeca04e\" data-element_type=\"section\">\n\t\t\t\t\t\t<div class=\"elementor-container elementor-column-gap-default\">\n\t\t\t\t\t<div class=\"elementor-column elementor-col-100 elementor-top-column elementor-element elementor-element-66a1d70\" data-id=\"66a1d70\" data-element_type=\"column\">\n\t\t\t<div class=\"elementor-widget-wrap elementor-element-populated\">\n\t\t\t\t\t\t\t\t<div class=\"elementor-element elementor-element-1aa1731 elementor-heading__align-center elementor-widget elementor-widget-heading\" data-id=\"1aa1731\" data-element_type=\"widget\" data-widget_type=\"heading.default\">\n\t\t\t\t<div class=\"elementor-widget-container\">\n\t\t\t<style>\/*! elementor - v3.5.3 - 28-12-2021 *\/\n.elementor-heading-title{padding:0;margin:0;line-height:1}.elementor-widget-heading .elementor-heading-title[class*=elementor-size-]>a{color:inherit;font-size:inherit;line-height:inherit}.elementor-widget-heading .elementor-heading-title.elementor-size-small{font-size:15px}.elementor-widget-heading .elementor-heading-title.elementor-size-medium{font-size:19px}.elementor-widget-heading .elementor-heading-title.elementor-size-large{font-size:29px}.elementor-widget-heading .elementor-heading-title.elementor-size-xl{font-size:39px}.elementor-widget-heading .elementor-heading-title.elementor-size-xxl{font-size:59px}<\/style><h2 class=\"elementor-heading-title elementor-size-default\">Buchen Sie bei uns<\/h2>\t\t<\/div>\n\t\t\t\t<\/div>\n\t\t\t\t<div class=\"elementor-element elementor-element-cc82b3d elementor-widget elementor-widget-text-editor\" data-id=\"cc82b3d\" data-element_type=\"widget\" data-widget_type=\"text-editor.default\">\n\t\t\t\t<div class=\"elementor-widget-container\">\n\t\t\t<style>\/*! elementor - v3.5.3 - 28-12-2021 *\/\n.elementor-widget-text-editor.elementor-drop-cap-view-stacked .elementor-drop-cap{background-color:#818a91;color:#fff}.elementor-widget-text-editor.elementor-drop-cap-view-framed .elementor-drop-cap{color:#818a91;border:3px solid;background-color:transparent}.elementor-widget-text-editor:not(.elementor-drop-cap-view-default) .elementor-drop-cap{margin-top:8px}.elementor-widget-text-editor:not(.elementor-drop-cap-view-default) .elementor-drop-cap-letter{width:1em;height:1em}.elementor-widget-text-editor .elementor-drop-cap{float:left;text-align:center;line-height:1;font-size:50px}.elementor-widget-text-editor .elementor-drop-cap-letter{display:inline-block}<\/style>\t\t\t\t<p>BUCHEN SIE AUF UNSERER WEBSITE UND PROFITIEREN SIE VON RABATTEN UND VORTEILEN F\u00dcR IHRE REISE<\/p>\t\t\t\t\t\t<\/div>\n\t\t\t\t<\/div>\n\t\t\t\t\t<\/div>\n\t\t<\/div>\n\t\t\t\t\t\t\t<\/div>\n\t\t<\/section>\n\t\t\t\t<section class=\"elementor-section elementor-top-section elementor-element elementor-element-38af0ce elementor-section-full_width elementor-section-height-default elementor-section-height-default wpr-particle-no wpr-jarallax-no wpr-parallax-no wpr-sticky-section-no\" data-id=\"38af0ce\" data-element_type=\"section\">\n\t\t\t\t\t\t<div class=\"elementor-container elementor-column-gap-default\">\n\t\t\t\t\t<div class=\"elementor-column elementor-col-100 elementor-top-column elementor-element elementor-element-ab9f88d\" data-id=\"ab9f88d\" data-element_type=\"column\">\n\t\t\t<div class=\"elementor-widget-wrap elementor-element-populated\">\n\t\t\t\t\t\t\t\t<div class=\"elementor-element elementor-element-02832b1 elementor-widget elementor-widget-shortcode\" data-id=\"02832b1\" data-element_type=\"widget\" data-widget_type=\"shortcode.default\">\n\t\t\t\t<div class=\"elementor-widget-container\">\n\t\t\t\t\t<div class=\"elementor-shortcode\">\n    <div style=\"margin-left:auto; margin-right:auto; max-width:820px\">\n        <iframe\n            id=\"tlines\"\n            src=\"https:\/\/www.misterferry.de\/de\/faehren-sardinien.aspx?UAID=236459&bkcolor=0&txtcolor=131F6E&bkbtncolor=365398&txtbtncolor=FFFFFF&bktitolo=20458B&txttitolo=FFFFFF&language=de&iframe_booking=true&v2=true\"\n            style=\"border:0; width:100%;\"\n            class=\"tlines_frame\"\n            scrolling=\"no\">\n        <\/iframe>\n\n        <p style=\"font-size:11px;margin:auto;font-family:Verdana;width:100%;color:#666;margin-bottom:12px;text-align:center;\">\n            Dieser Buchungsservice ist Eigentum der\n            <a href=\"https:\/\/www.misterferry.de\/de\/faehren-sardinien.aspx?UAID=236459&bkcolor=0&txtcolor=131F6E&bkbtncolor=365398&txtbtncolor=FFFFFF&bktitolo=20458B&txttitolo=FFFFFF\"\n               target=\"_blank\"\n               style=\"color:#666;text-decoration:none\">\n                Misterferry.de\n            <\/a>\n        <\/p>\n    <\/div>\n<\/div>\n\t\t\t\t<\/div>\n\t\t\t\t<\/div>\n\t\t\t\t\t<\/div>\n\t\t<\/div>\n\t\t\t\t\t\t\t<\/div>\n\t\t<\/section>\n\t\t\t\t<section class=\"elementor-section elementor-top-section elementor-element elementor-element-0cd366b elementor-section-boxed elementor-section-height-default elementor-section-height-default wpr-particle-no wpr-jarallax-no wpr-parallax-no wpr-sticky-section-no\" data-id=\"0cd366b\" data-element_type=\"section\">\n\t\t\t\t\t\t<div class=\"elementor-container elementor-column-gap-default\">\n\t\t\t\t\t<div class=\"elementor-column elementor-col-100 elementor-top-column elementor-element elementor-element-763ae9d\" data-id=\"763ae9d\" data-element_type=\"column\">\n\t\t\t<div class=\"elementor-widget-wrap elementor-element-populated\">\n\t\t\t\t\t\t\t\t<div class=\"elementor-element elementor-element-55c1b83 elementor-widget elementor-widget-text-editor\" data-id=\"55c1b83\" data-element_type=\"widget\" data-widget_type=\"text-editor.default\">\n\t\t\t\t<div class=\"elementor-widget-container\">\n\t\t\t\t\t\t\t<p style=\"text-align: center;\"><span style=\"color: #040231;\">Unsere Direktkunden profitieren von exklusiven Vorteilen, darunter Sonderrabatte auf den wichtigsten F\u00e4hrlinien, f\u00fcr ein noch g\u00fcnstigeres Reiseerlebnis. Nach der Buchung k\u00f6nnen Sie ganz einfach den Rabatt f\u00fcr die von Ihnen gew\u00e4hlte F\u00e4hrgesellschaft beantragen.<\/span><\/p>\n<p style=\"text-align: center;\"><span style=\"text-align: left;\"><span style=\"color: #040231;\">\u00a0<\/span><\/span><\/p>\n<p style=\"text-align: center;\"><span style=\"text-align: left;\"><span style=\"color: #040231;\">ENTDECKEN SIE DIE WEITEREN VORTEILE EINER DIREKTBUCHUNG BEI UNS<\/span><\/span><\/p>\t\t\t\t\t\t<\/div>\n\t\t\t\t<\/div>\n\t\t\t\t\t<\/div>\n\t\t<\/div>\n\t\t\t\t\t\t\t<\/div>\n\t\t<\/section>\n\t\t\t\t<section class=\"elementor-section elementor-top-section elementor-element elementor-element-3a7260a elementor-section-boxed elementor-section-height-default elementor-section-height-default wpr-particle-no wpr-jarallax-no wpr-parallax-no wpr-sticky-section-no\" data-id=\"3a7260a\" data-element_type=\"section\">\n\t\t\t\t\t\t<div class=\"elementor-container elementor-column-gap-default\">\n\t\t\t\t\t<div class=\"elementor-column elementor-col-50 elementor-top-column elementor-element elementor-element-3d49cc6\" data-id=\"3d49cc6\" data-element_type=\"column\">\n\t\t\t<div class=\"elementor-widget-wrap elementor-element-populated\">\n\t\t\t\t\t\t\t\t<div class=\"elementor-element elementor-element-1342d02 elementor-widget elementor-widget-text-editor\" data-id=\"1342d02\" data-element_type=\"widget\" data-widget_type=\"text-editor.default\">\n\t\t\t\t<div class=\"elementor-widget-container\">\n\t\t\t\t\t\t\t<p style=\"text-align: justify;\"><span style=\"color: #040231;\"><b>Baby-Willkommenspaket gratis<\/b><\/span><\/p>\n<p style=\"text-align: justify;\"><span style=\"font-size: 16px; color: #040231;\">\u00a0<\/span><\/p>\n<p style=\"text-align: justify;\"><span style=\"color: #040231;\">Der beste Empfang f\u00fcr Familien mit Kindern. Um den Aufenthalt von Familien mit Kindern noch angenehmer und komfortabler zu gestalten, bieten wir ein Paket an, das auf alle Bed\u00fcrfnisse von Eltern und Kindern abgestimmt ist. Jede Familie, die bei uns wohnt, erh\u00e4lt eine Auswahl an Produkten und Dienstleistungen, die speziell entwickelt wurden, um Komfort und Bequemlichkeit zu garantieren.<\/span><\/p>\t\t\t\t\t\t<\/div>\n\t\t\t\t<\/div>\n\t\t\t\t\t<\/div>\n\t\t<\/div>\n\t\t\t\t<div class=\"elementor-column elementor-col-50 elementor-top-column elementor-element elementor-element-c51195d\" data-id=\"c51195d\" data-element_type=\"column\">\n\t\t\t<div class=\"elementor-widget-wrap elementor-element-populated\">\n\t\t\t\t\t\t\t\t<div class=\"elementor-element elementor-element-cb82c43 elementor-widget elementor-widget-text-editor\" data-id=\"cb82c43\" data-element_type=\"widget\" data-widget_type=\"text-editor.default\">\n\t\t\t\t<div class=\"elementor-widget-container\">\n\t\t\t\t\t\t\t<p style=\"text-align: justify;\"><span style=\"color: #040231;\"><b>Die Vorteile auf unserer Website<\/b><\/span><\/p>\n<p style=\"text-align: justify;\"><span style=\"color: #040231; font-size: 16px;\">\u00a0<\/span><\/p>\n<p style=\"text-align: justify;\"><span style=\"color: #040231;\">Wenn Sie \u00fcber unsere Website buchen, wird Ihr Urlaub deutlich weniger kosten, im Durchschnitt etwa 20 % weniger als bei anderen Buchungskan\u00e4len. So k\u00f6nnen Sie ein ebenso unvergessliches Reiseerlebnis genie\u00dfen, aber mit einer erheblichen Ersparnis beim Endpreis.<\/span><\/p>\t\t\t\t\t\t<\/div>\n\t\t\t\t<\/div>\n\t\t\t\t\t<\/div>\n\t\t<\/div>\n\t\t\t\t\t\t\t<\/div>\n\t\t<\/section>\n\t\t\t\t<section class=\"elementor-section elementor-top-section elementor-element elementor-element-a4e0392 elementor-section-boxed elementor-section-height-default elementor-section-height-default wpr-particle-no wpr-jarallax-no wpr-parallax-no wpr-sticky-section-no\" data-id=\"a4e0392\" data-element_type=\"section\">\n\t\t\t\t\t\t<div class=\"elementor-container elementor-column-gap-default\">\n\t\t\t\t\t<div class=\"elementor-column elementor-col-50 elementor-top-column elementor-element elementor-element-46de8a3\" data-id=\"46de8a3\" data-element_type=\"column\">\n\t\t\t<div class=\"elementor-widget-wrap elementor-element-populated\">\n\t\t\t\t\t\t\t\t<div class=\"elementor-element elementor-element-14ceafe elementor-widget elementor-widget-text-editor\" data-id=\"14ceafe\" data-element_type=\"widget\" data-widget_type=\"text-editor.default\">\n\t\t\t\t<div class=\"elementor-widget-container\">\n\t\t\t\t\t\t\t<p style=\"text-align: justify;\"><span style=\"color: #040231;\"><b>Upgrade<\/b><\/span><\/p>\n<p style=\"text-align: justify;\"><span style=\"color: #040231;\"><b>\u00a0<\/b><\/span><\/p>\n<p style=\"text-align: justify;\"><span style=\"color: #040231;\">Kostenloses Upgrade des Zimmertyps (sofern verf\u00fcgbar). Um diese exklusive Gelegenheit zu nutzen, kontaktieren Sie uns bitte vor Ihrer Ankunft und teilen Sie uns Ihr Interesse an einem Upgrade mit. Wir werden gerne unser M\u00f6glichstes tun, um Ihren Aufenthalt noch angenehmer zu gestalten.<\/span><\/p>\t\t\t\t\t\t<\/div>\n\t\t\t\t<\/div>\n\t\t\t\t\t<\/div>\n\t\t<\/div>\n\t\t\t\t<div class=\"elementor-column elementor-col-50 elementor-top-column elementor-element elementor-element-f80f435\" data-id=\"f80f435\" data-element_type=\"column\">\n\t\t\t<div class=\"elementor-widget-wrap elementor-element-populated\">\n\t\t\t\t\t\t\t\t<div class=\"elementor-element elementor-element-7210e93 elementor-widget elementor-widget-text-editor\" data-id=\"7210e93\" data-element_type=\"widget\" data-widget_type=\"text-editor.default\">\n\t\t\t\t<div class=\"elementor-widget-container\">\n\t\t\t\t\t\t\t<p style=\"text-align: justify;\"><span style=\"color: #040231;\"><b>Flexibilit\u00e4t<\/b><\/span><\/p>\n<p style=\"text-align: justify;\"><span style=\"color: #040231;\">\u00a0<\/span><\/p>\n<p style=\"text-align: justify;\"><span style=\"color: #040231; font-size: 16px;\">Flexibilit\u00e4t bei Stornierungen und Termin\u00e4nderungen. Sie k\u00f6nnen direkt mit unseren erfahrenen und hilfsbereiten Mitarbeitern kommunizieren, die Ihnen bei allen \u00c4nderungen oder Informationen behilflich sein werden. Dank unserer Kundenorientierung wird jede Anfrage mit der gr\u00f6\u00dftm\u00f6glichen Sorgfalt und Einfachheit bearbeitet.<\/span><\/p>\t\t\t\t\t\t<\/div>\n\t\t\t\t<\/div>\n\t\t\t\t\t<\/div>\n\t\t<\/div>\n\t\t\t\t\t\t\t<\/div>\n\t\t<\/section>\n\t\t\t\t\t\t<\/div>\n\t\t\t\t\t<\/div>\n\t\t","protected":false},"excerpt":{"rendered":"<p>Buchen Sie bei uns BUCHEN SIE AUF UNSERER WEBSITE UND PROFITIEREN SIE VON RABATTEN UND VORTEILEN F\u00dcR IHRE REISE Unsere Direktkunden profitieren von exklusiven Vorteilen, darunter Sonderrabatte auf den wichtigsten F\u00e4hrlinien, f\u00fcr ein noch g\u00fcnstigeres Reiseerlebnis. Nach der Buchung k\u00f6nnen Sie ganz einfach den Rabatt f\u00fcr die von Ihnen gew\u00e4hlte F\u00e4hrgesellschaft beantragen. \u00a0 ENTDECKEN SIE &hellip; <\/p>\n<p class=\"link-more\"><a href=\"https:\/\/www.sardegnasummer.it\/de\/faehren-und-werbeaktionen\/\" class=\"more-link\">Read More <span class=\"screen-reader-text\"> &#8222;F\u00e4hren und Werbeaktionen&#8220;<\/span><\/a><\/p>\n","protected":false},"author":1,"featured_media":0,"parent":0,"menu_order":0,"comment_status":"closed","ping_status":"closed","template":"","meta":{"footnotes":""},"class_list":["post-72733","page","type-page","status-publish","hentry"],"yoast_head":"<!-- This site is optimized with the Yoast SEO plugin v18.2 - https:\/\/yoast.com\/wordpress\/plugins\/seo\/ -->\n<title>Entdecken Sie unsere Buchungsvorteile | SardegnaSummer.it<\/title>\n<meta name=\"robots\" content=\"index, follow, max-snippet:-1, max-image-preview:large, max-video-preview:-1\" \/>\n<link rel=\"canonical\" href=\"https:\/\/www.sardegnasummer.it\/traghetti-promozioni\/\" \/>\n<meta property=\"og:locale\" content=\"de_DE\" \/>\n<meta property=\"og:type\" content=\"article\" \/>\n<meta property=\"og:title\" content=\"Entdecken Sie unsere Buchungsvorteile | SardegnaSummer.it\" \/>\n<meta property=\"og:description\" content=\"Buchen Sie bei uns BUCHEN SIE AUF UNSERER WEBSITE UND PROFITIEREN SIE VON RABATTEN UND VORTEILEN F\u00dcR IHRE REISE Unsere Direktkunden profitieren von exklusiven Vorteilen, darunter Sonderrabatte auf den wichtigsten F\u00e4hrlinien, f\u00fcr ein noch g\u00fcnstigeres Reiseerlebnis. Nach der Buchung k\u00f6nnen Sie ganz einfach den Rabatt f\u00fcr die von Ihnen gew\u00e4hlte F\u00e4hrgesellschaft beantragen. \u00a0 ENTDECKEN SIE &hellip; Read More &quot;F\u00e4hren und Werbeaktionen&quot;\" \/>\n<meta property=\"og:url\" content=\"https:\/\/www.sardegnasummer.it\/traghetti-promozioni\/\" \/>\n<meta property=\"og:site_name\" content=\"SardegnaSummer.it\" \/>\n<meta property=\"article:modified_time\" content=\"2026-01-29T14:30:29+00:00\" \/>\n<meta name=\"twitter:card\" content=\"summary_large_image\" \/>\n<meta name=\"twitter:label1\" content=\"Gesch\u00e4tzte Lesezeit\" \/>\n\t<meta name=\"twitter:data1\" content=\"4\u00a0Minuten\" \/>\n<script type=\"application\/ld+json\" class=\"yoast-schema-graph\">{\"@context\":\"https:\/\/schema.org\",\"@graph\":[{\"@type\":\"Organization\",\"@id\":\"https:\/\/www.sardegnasummer.it\/#organization\",\"name\":\"Sardegna Summer\",\"url\":\"https:\/\/www.sardegnasummer.it\/\",\"sameAs\":[],\"logo\":{\"@type\":\"ImageObject\",\"@id\":\"https:\/\/www.sardegnasummer.it\/#logo\",\"inLanguage\":\"de\",\"url\":\"https:\/\/www.sardegnasummer.it\/wp-content\/uploads\/2018\/12\/logo3-1.png\",\"contentUrl\":\"https:\/\/www.sardegnasummer.it\/wp-content\/uploads\/2018\/12\/logo3-1.png\",\"width\":261,\"height\":135,\"caption\":\"Sardegna Summer\"},\"image\":{\"@id\":\"https:\/\/www.sardegnasummer.it\/#logo\"}},{\"@type\":\"WebSite\",\"@id\":\"https:\/\/www.sardegnasummer.it\/#website\",\"url\":\"https:\/\/www.sardegnasummer.it\/\",\"name\":\"SardegnaSummer.it\",\"description\":\"\",\"publisher\":{\"@id\":\"https:\/\/www.sardegnasummer.it\/#organization\"},\"potentialAction\":[{\"@type\":\"SearchAction\",\"target\":{\"@type\":\"EntryPoint\",\"urlTemplate\":\"https:\/\/www.sardegnasummer.it\/?s={search_term_string}\"},\"query-input\":\"required name=search_term_string\"}],\"inLanguage\":\"de\"},{\"@type\":\"WebPage\",\"@id\":\"https:\/\/www.sardegnasummer.it\/traghetti-promozioni\/#webpage\",\"url\":\"https:\/\/www.sardegnasummer.it\/traghetti-promozioni\/\",\"name\":\"Entdecken Sie unsere Buchungsvorteile | SardegnaSummer.it\",\"isPartOf\":{\"@id\":\"https:\/\/www.sardegnasummer.it\/#website\"},\"datePublished\":\"2022-04-11T15:37:18+00:00\",\"dateModified\":\"2026-01-29T14:30:29+00:00\",\"breadcrumb\":{\"@id\":\"https:\/\/www.sardegnasummer.it\/traghetti-promozioni\/#breadcrumb\"},\"inLanguage\":\"de\",\"potentialAction\":[{\"@type\":\"ReadAction\",\"target\":[\"https:\/\/www.sardegnasummer.it\/traghetti-promozioni\/\"]}]},{\"@type\":\"BreadcrumbList\",\"@id\":\"https:\/\/www.sardegnasummer.it\/traghetti-promozioni\/#breadcrumb\",\"itemListElement\":[{\"@type\":\"ListItem\",\"position\":1,\"name\":\"Home\",\"item\":\"https:\/\/www.sardegnasummer.it\/de\/\"},{\"@type\":\"ListItem\",\"position\":2,\"name\":\"F\u00e4hren und Werbeaktionen\"}]}]}<\/script>\n<!-- \/ Yoast SEO plugin. -->","yoast_head_json":{"title":"Entdecken Sie unsere Buchungsvorteile | SardegnaSummer.it","robots":{"index":"index","follow":"follow","max-snippet":"max-snippet:-1","max-image-preview":"max-image-preview:large","max-video-preview":"max-video-preview:-1"},"canonical":"https:\/\/www.sardegnasummer.it\/traghetti-promozioni\/","og_locale":"de_DE","og_type":"article","og_title":"Entdecken Sie unsere Buchungsvorteile | SardegnaSummer.it","og_description":"Buchen Sie bei uns BUCHEN SIE AUF UNSERER WEBSITE UND PROFITIEREN SIE VON RABATTEN UND VORTEILEN F\u00dcR IHRE REISE Unsere Direktkunden profitieren von exklusiven Vorteilen, darunter Sonderrabatte auf den wichtigsten F\u00e4hrlinien, f\u00fcr ein noch g\u00fcnstigeres Reiseerlebnis. Nach der Buchung k\u00f6nnen Sie ganz einfach den Rabatt f\u00fcr die von Ihnen gew\u00e4hlte F\u00e4hrgesellschaft beantragen. \u00a0 ENTDECKEN SIE &hellip; Read More \"F\u00e4hren und Werbeaktionen\"","og_url":"https:\/\/www.sardegnasummer.it\/traghetti-promozioni\/","og_site_name":"SardegnaSummer.it","article_modified_time":"2026-01-29T14:30:29+00:00","twitter_card":"summary_large_image","twitter_misc":{"Gesch\u00e4tzte Lesezeit":"4\u00a0Minuten"},"schema":{"@context":"https:\/\/schema.org","@graph":[{"@type":"Organization","@id":"https:\/\/www.sardegnasummer.it\/#organization","name":"Sardegna Summer","url":"https:\/\/www.sardegnasummer.it\/","sameAs":[],"logo":{"@type":"ImageObject","@id":"https:\/\/www.sardegnasummer.it\/#logo","inLanguage":"de","url":"https:\/\/www.sardegnasummer.it\/wp-content\/uploads\/2018\/12\/logo3-1.png","contentUrl":"https:\/\/www.sardegnasummer.it\/wp-content\/uploads\/2018\/12\/logo3-1.png","width":261,"height":135,"caption":"Sardegna Summer"},"image":{"@id":"https:\/\/www.sardegnasummer.it\/#logo"}},{"@type":"WebSite","@id":"https:\/\/www.sardegnasummer.it\/#website","url":"https:\/\/www.sardegnasummer.it\/","name":"SardegnaSummer.it","description":"","publisher":{"@id":"https:\/\/www.sardegnasummer.it\/#organization"},"potentialAction":[{"@type":"SearchAction","target":{"@type":"EntryPoint","urlTemplate":"https:\/\/www.sardegnasummer.it\/?s={search_term_string}"},"query-input":"required name=search_term_string"}],"inLanguage":"de"},{"@type":"WebPage","@id":"https:\/\/www.sardegnasummer.it\/traghetti-promozioni\/#webpage","url":"https:\/\/www.sardegnasummer.it\/traghetti-promozioni\/","name":"Entdecken Sie unsere Buchungsvorteile | SardegnaSummer.it","isPartOf":{"@id":"https:\/\/www.sardegnasummer.it\/#website"},"datePublished":"2022-04-11T15:37:18+00:00","dateModified":"2026-01-29T14:30:29+00:00","breadcrumb":{"@id":"https:\/\/www.sardegnasummer.it\/traghetti-promozioni\/#breadcrumb"},"inLanguage":"de","potentialAction":[{"@type":"ReadAction","target":["https:\/\/www.sardegnasummer.it\/traghetti-promozioni\/"]}]},{"@type":"BreadcrumbList","@id":"https:\/\/www.sardegnasummer.it\/traghetti-promozioni\/#breadcrumb","itemListElement":[{"@type":"ListItem","position":1,"name":"Home","item":"https:\/\/www.sardegnasummer.it\/de\/"},{"@type":"ListItem","position":2,"name":"F\u00e4hren und Werbeaktionen"}]}]}},"_links":{"self":[{"href":"https:\/\/www.sardegnasummer.it\/de\/wp-json\/wp\/v2\/pages\/72733","targetHints":{"allow":["GET"]}}],"collection":[{"href":"https:\/\/www.sardegnasummer.it\/de\/wp-json\/wp\/v2\/pages"}],"about":[{"href":"https:\/\/www.sardegnasummer.it\/de\/wp-json\/wp\/v2\/types\/page"}],"author":[{"embeddable":true,"href":"https:\/\/www.sardegnasummer.it\/de\/wp-json\/wp\/v2\/users\/1"}],"replies":[{"embeddable":true,"href":"https:\/\/www.sardegnasummer.it\/de\/wp-json\/wp\/v2\/comments?post=72733"}],"version-history":[{"count":48,"href":"https:\/\/www.sardegnasummer.it\/de\/wp-json\/wp\/v2\/pages\/72733\/revisions"}],"predecessor-version":[{"id":534303,"href":"https:\/\/www.sardegnasummer.it\/de\/wp-json\/wp\/v2\/pages\/72733\/revisions\/534303"}],"wp:attachment":[{"href":"https:\/\/www.sardegnasummer.it\/de\/wp-json\/wp\/v2\/media?parent=72733"}],"curies":[{"name":"wp","href":"https:\/\/api.w.org\/{rel}","templated":true}]}}