{"id":72735,"date":"2022-04-11T17:37:18","date_gmt":"2022-04-11T15:37:18","guid":{"rendered":"https:\/\/www.sardegnasummer.it\/traghetti\/"},"modified":"2026-01-29T15:26:16","modified_gmt":"2026-01-29T14:26:16","slug":"promociones","status":"publish","type":"page","link":"https:\/\/www.sardegnasummer.it\/es\/promociones\/","title":{"rendered":"Promociones"},"content":{"rendered":"\t\t<div data-elementor-type=\"wp-post\" data-elementor-id=\"72735\" class=\"elementor elementor-72735 elementor-21524\" data-elementor-settings=\"[]\">\n\t\t\t\t\t\t\t<div class=\"elementor-section-wrap\">\n\t\t\t\t\t\t\t<section class=\"elementor-section elementor-top-section elementor-element elementor-element-3ea39d9 elementor-section-boxed elementor-section-height-default elementor-section-height-default wpr-particle-no wpr-jarallax-no wpr-parallax-no wpr-sticky-section-no\" data-id=\"3ea39d9\" data-element_type=\"section\">\n\t\t\t\t\t\t<div class=\"elementor-container elementor-column-gap-default\">\n\t\t\t\t\t<div class=\"elementor-column elementor-col-100 elementor-top-column elementor-element elementor-element-cec79cc\" data-id=\"cec79cc\" data-element_type=\"column\">\n\t\t\t<div class=\"elementor-widget-wrap elementor-element-populated\">\n\t\t\t\t\t\t\t\t<div class=\"elementor-element elementor-element-972e4e2 elementor-heading__align-center elementor-widget elementor-widget-heading\" data-id=\"972e4e2\" data-element_type=\"widget\" data-widget_type=\"heading.default\">\n\t\t\t\t<div class=\"elementor-widget-container\">\n\t\t\t<style>\/*! elementor - v3.5.3 - 28-12-2021 *\/\n.elementor-heading-title{padding:0;margin:0;line-height:1}.elementor-widget-heading .elementor-heading-title[class*=elementor-size-]>a{color:inherit;font-size:inherit;line-height:inherit}.elementor-widget-heading .elementor-heading-title.elementor-size-small{font-size:15px}.elementor-widget-heading .elementor-heading-title.elementor-size-medium{font-size:19px}.elementor-widget-heading .elementor-heading-title.elementor-size-large{font-size:29px}.elementor-widget-heading .elementor-heading-title.elementor-size-xl{font-size:39px}.elementor-widget-heading .elementor-heading-title.elementor-size-xxl{font-size:59px}<\/style><h2 class=\"elementor-heading-title elementor-size-default\">Reserve con nosotros<\/h2>\t\t<\/div>\n\t\t\t\t<\/div>\n\t\t\t\t<div class=\"elementor-element elementor-element-22c0e7e elementor-widget elementor-widget-text-editor\" data-id=\"22c0e7e\" data-element_type=\"widget\" data-widget_type=\"text-editor.default\">\n\t\t\t\t<div class=\"elementor-widget-container\">\n\t\t\t<style>\/*! elementor - v3.5.3 - 28-12-2021 *\/\n.elementor-widget-text-editor.elementor-drop-cap-view-stacked .elementor-drop-cap{background-color:#818a91;color:#fff}.elementor-widget-text-editor.elementor-drop-cap-view-framed .elementor-drop-cap{color:#818a91;border:3px solid;background-color:transparent}.elementor-widget-text-editor:not(.elementor-drop-cap-view-default) .elementor-drop-cap{margin-top:8px}.elementor-widget-text-editor:not(.elementor-drop-cap-view-default) .elementor-drop-cap-letter{width:1em;height:1em}.elementor-widget-text-editor .elementor-drop-cap{float:left;text-align:center;line-height:1;font-size:50px}.elementor-widget-text-editor .elementor-drop-cap-letter{display:inline-block}<\/style>\t\t\t\t<p>RESERVA EN NUESTRA P\u00c1GINA WEB Y APROVECHA LOS DESCUENTOS Y VENTAJAS PARA TU VIAJE.<\/p>\t\t\t\t\t\t<\/div>\n\t\t\t\t<\/div>\n\t\t\t\t\t<\/div>\n\t\t<\/div>\n\t\t\t\t\t\t\t<\/div>\n\t\t<\/section>\n\t\t\t\t<section class=\"elementor-section elementor-top-section elementor-element elementor-element-00f6643 elementor-section-full_width elementor-section-height-default elementor-section-height-default wpr-particle-no wpr-jarallax-no wpr-parallax-no wpr-sticky-section-no\" data-id=\"00f6643\" data-element_type=\"section\">\n\t\t\t\t\t\t<div class=\"elementor-container elementor-column-gap-default\">\n\t\t\t\t\t<div class=\"elementor-column elementor-col-100 elementor-top-column elementor-element elementor-element-a12bbc0\" data-id=\"a12bbc0\" data-element_type=\"column\">\n\t\t\t<div class=\"elementor-widget-wrap elementor-element-populated\">\n\t\t\t\t\t\t\t\t<div class=\"elementor-element elementor-element-fe7c88b elementor-widget elementor-widget-shortcode\" data-id=\"fe7c88b\" data-element_type=\"widget\" data-widget_type=\"shortcode.default\">\n\t\t\t\t<div class=\"elementor-widget-container\">\n\t\t\t\t\t<div class=\"elementor-shortcode\">\n    <div style=\"margin-left:auto; margin-right:auto; max-width:820px\">\n        <iframe\n            id=\"tlines\"\n            src=\"https:\/\/www.misterferry.es\/es\/cerdena-ferry.aspx?UAID=236459&bkcolor=0&txtcolor=131F6E&bkbtncolor=365398&txtbtncolor=FFFFFF&bktitolo=20458B&txttitolo=FFFFFF&language=es&iframe_booking=true&v2=true\"\n            style=\"border:0; width:100%;\"\n            class=\"tlines_frame\"\n            scrolling=\"no\">\n        <\/iframe>\n\n        <p style=\"font-size:11px;margin:auto;font-family:Verdana;width:100%;color:#666;margin-bottom:12px;text-align:center;\">\n            Servicio operado por\n            <a href=\"https:\/\/www.misterferry.es\/es\/cerdena-ferry.aspx?UAID=236459&bkcolor=0&txtcolor=131F6E&bkbtncolor=365398&txtbtncolor=FFFFFF&bktitolo=20458B&txttitolo=FFFFFF\"\n               target=\"_blank\"\n               style=\"color:#666;text-decoration:none\">\n                Misterferry.es\n            <\/a>\n        <\/p>\n    <\/div>\n<\/div>\n\t\t\t\t<\/div>\n\t\t\t\t<\/div>\n\t\t\t\t\t<\/div>\n\t\t<\/div>\n\t\t\t\t\t\t\t<\/div>\n\t\t<\/section>\n\t\t\t\t<section class=\"elementor-section elementor-top-section elementor-element elementor-element-9984e26 elementor-section-boxed elementor-section-height-default elementor-section-height-default wpr-particle-no wpr-jarallax-no wpr-parallax-no wpr-sticky-section-no\" data-id=\"9984e26\" data-element_type=\"section\">\n\t\t\t\t\t\t<div class=\"elementor-container elementor-column-gap-default\">\n\t\t\t\t\t<div class=\"elementor-column elementor-col-100 elementor-top-column elementor-element elementor-element-55045b3\" data-id=\"55045b3\" data-element_type=\"column\">\n\t\t\t<div class=\"elementor-widget-wrap elementor-element-populated\">\n\t\t\t\t\t\t\t\t<div class=\"elementor-element elementor-element-20f29cd elementor-widget elementor-widget-text-editor\" data-id=\"20f29cd\" data-element_type=\"widget\" data-widget_type=\"text-editor.default\">\n\t\t\t\t<div class=\"elementor-widget-container\">\n\t\t\t\t\t\t\t<p style=\"text-align: center;\"><span style=\"color: #040231;\">Nuestros clientes directos pueden disfrutar de ventajas exclusivas, entre las que se incluyen descuentos especiales en las principales l\u00edneas de ferry, para que su experiencia de viaje sea m\u00e1s econ\u00f3mica. Una vez realizada la reserva, podr\u00e1 solicitar f\u00e1cilmente el descuento para la compa\u00f1\u00eda de ferry que haya elegido.<\/span><\/p>\n<p style=\"text-align: center;\"><span style=\"text-align: left;\"><span style=\"color: #040231;\">\u00a0<\/span><\/span><\/p>\n<p style=\"text-align: center;\"><span style=\"text-align: left;\"><span style=\"color: #040231;\">DESCUBRA LAS DEM\u00c1S VENTAJAS DE RESERVAR DIRECTAMENTE CON NOSOTROS<\/span><\/span><\/p>\t\t\t\t\t\t<\/div>\n\t\t\t\t<\/div>\n\t\t\t\t\t<\/div>\n\t\t<\/div>\n\t\t\t\t\t\t\t<\/div>\n\t\t<\/section>\n\t\t\t\t<section class=\"elementor-section elementor-top-section elementor-element elementor-element-d080510 elementor-section-boxed elementor-section-height-default elementor-section-height-default wpr-particle-no wpr-jarallax-no wpr-parallax-no wpr-sticky-section-no\" data-id=\"d080510\" data-element_type=\"section\">\n\t\t\t\t\t\t<div class=\"elementor-container elementor-column-gap-default\">\n\t\t\t\t\t<div class=\"elementor-column elementor-col-50 elementor-top-column elementor-element elementor-element-96bb90f\" data-id=\"96bb90f\" data-element_type=\"column\">\n\t\t\t<div class=\"elementor-widget-wrap elementor-element-populated\">\n\t\t\t\t\t\t\t\t<div class=\"elementor-element elementor-element-cd5d511 elementor-widget elementor-widget-text-editor\" data-id=\"cd5d511\" data-element_type=\"widget\" data-widget_type=\"text-editor.default\">\n\t\t\t\t<div class=\"elementor-widget-container\">\n\t\t\t\t\t\t\t<p style=\"text-align: justify;\"><span style=\"color: #040231;\"><b>Welcome pack para beb\u00e9s gratuito<\/b><\/span><\/p>\n<p style=\"text-align: justify;\"><span style=\"font-size: 16px; color: #040231;\">\u00a0<\/span><\/p>\n<p style=\"text-align: justify;\"><span style=\"color: #040231;\">La mejor bienvenida para familias con ni\u00f1os. Para que la estancia de las familias con ni\u00f1os sea a\u00fan m\u00e1s agradable y c\u00f3moda, ofrecemos un kit dise\u00f1ado para satisfacer todas las necesidades de los padres y sus peque\u00f1os. Cada familia que se aloje con nosotros recibir\u00e1 una selecci\u00f3n de productos y servicios especialmente dise\u00f1ados para garantizar su comodidad y confort.<\/span><\/p>\t\t\t\t\t\t<\/div>\n\t\t\t\t<\/div>\n\t\t\t\t\t<\/div>\n\t\t<\/div>\n\t\t\t\t<div class=\"elementor-column elementor-col-50 elementor-top-column elementor-element elementor-element-cf89772\" data-id=\"cf89772\" data-element_type=\"column\">\n\t\t\t<div class=\"elementor-widget-wrap elementor-element-populated\">\n\t\t\t\t\t\t\t\t<div class=\"elementor-element elementor-element-51ddb8a elementor-widget elementor-widget-text-editor\" data-id=\"51ddb8a\" data-element_type=\"widget\" data-widget_type=\"text-editor.default\">\n\t\t\t\t<div class=\"elementor-widget-container\">\n\t\t\t\t\t\t\t<p style=\"text-align: justify;\"><span style=\"color: #040231;\"><b>Las ventajas de nuestro sitio<\/b><\/span><\/p>\n<p style=\"text-align: justify;\"><span style=\"color: #040231; font-size: 16px;\">\u00a0<\/span><\/p>\n<p style=\"text-align: justify;\"><span style=\"color: #040231;\">Reservando desde nuestra web, sus vacaciones le costar\u00e1n mucho menos, una media de alrededor de un 20% menos que en otros canales de reserva. Esto le permitir\u00e1 disfrutar de una experiencia de viaje igual de memorable, pero con un importante ahorro en el precio final.<\/span><\/p>\t\t\t\t\t\t<\/div>\n\t\t\t\t<\/div>\n\t\t\t\t\t<\/div>\n\t\t<\/div>\n\t\t\t\t\t\t\t<\/div>\n\t\t<\/section>\n\t\t\t\t<section class=\"elementor-section elementor-top-section elementor-element elementor-element-2761e68 elementor-section-boxed elementor-section-height-default elementor-section-height-default wpr-particle-no wpr-jarallax-no wpr-parallax-no wpr-sticky-section-no\" data-id=\"2761e68\" data-element_type=\"section\">\n\t\t\t\t\t\t<div class=\"elementor-container elementor-column-gap-default\">\n\t\t\t\t\t<div class=\"elementor-column elementor-col-50 elementor-top-column elementor-element elementor-element-5964ee9\" data-id=\"5964ee9\" data-element_type=\"column\">\n\t\t\t<div class=\"elementor-widget-wrap elementor-element-populated\">\n\t\t\t\t\t\t\t\t<div class=\"elementor-element elementor-element-114b06d elementor-widget elementor-widget-text-editor\" data-id=\"114b06d\" data-element_type=\"widget\" data-widget_type=\"text-editor.default\">\n\t\t\t\t<div class=\"elementor-widget-container\">\n\t\t\t\t\t\t\t<p style=\"text-align: justify;\"><span style=\"color: #040231;\"><b>Upgrade<\/b><\/span><\/p>\n<p style=\"text-align: justify;\"><span style=\"color: #040231;\"><b>\u00a0<\/b><\/span><\/p>\n<p style=\"text-align: justify;\"><span style=\"color: #040231;\">Upgrade gratuito de tipo de habitaci\u00f3n (cuando est\u00e9 disponible). Para beneficiarse de esta oportunidad exclusiva, p\u00f3ngase en contacto con nosotros antes de su llegada, indicando su inter\u00e9s en subir de categor\u00eda. Estaremos encantados de hacer todo lo posible para que su experiencia sea a\u00fan m\u00e1s c\u00f3moda.<\/span><\/p>\t\t\t\t\t\t<\/div>\n\t\t\t\t<\/div>\n\t\t\t\t\t<\/div>\n\t\t<\/div>\n\t\t\t\t<div class=\"elementor-column elementor-col-50 elementor-top-column elementor-element elementor-element-beea15e\" data-id=\"beea15e\" data-element_type=\"column\">\n\t\t\t<div class=\"elementor-widget-wrap elementor-element-populated\">\n\t\t\t\t\t\t\t\t<div class=\"elementor-element elementor-element-27f99d1 elementor-widget elementor-widget-text-editor\" data-id=\"27f99d1\" data-element_type=\"widget\" data-widget_type=\"text-editor.default\">\n\t\t\t\t<div class=\"elementor-widget-container\">\n\t\t\t\t\t\t\t<p style=\"text-align: justify;\"><span style=\"color: #040231;\"><b>Flexibilidad<\/b><\/span><\/p>\n<p style=\"text-align: justify;\"><span style=\"color: #040231;\"><b>\u00a0<\/b><\/span><\/p>\n<p style=\"text-align: justify;\"><span style=\"color: #040231;\">Flexibilidad en cancelaciones y cambios de fecha. Podr\u00e1 comunicarse directamente con nuestro experimentado y servicial personal, que estar\u00e1 dispuesto a ayudarle con cualquier cambio o informaci\u00f3n que necesite. Gracias a nuestra orientaci\u00f3n al cliente, cada solicitud ser\u00e1 tratada con el m\u00e1ximo cuidado y sencillez.<\/span><\/p>\t\t\t\t\t\t<\/div>\n\t\t\t\t<\/div>\n\t\t\t\t\t<\/div>\n\t\t<\/div>\n\t\t\t\t\t\t\t<\/div>\n\t\t<\/section>\n\t\t\t\t\t\t<\/div>\n\t\t\t\t\t<\/div>\n\t\t","protected":false},"excerpt":{"rendered":"<p>Reserve con nosotros RESERVA EN NUESTRA P\u00c1GINA WEB Y APROVECHA LOS DESCUENTOS Y VENTAJAS PARA TU VIAJE. Nuestros clientes directos pueden disfrutar de ventajas exclusivas, entre las que se incluyen descuentos especiales en las principales l\u00edneas de ferry, para que su experiencia de viaje sea m\u00e1s econ\u00f3mica. Una vez realizada la reserva, podr\u00e1 solicitar f\u00e1cilmente &hellip; <\/p>\n<p class=\"link-more\"><a href=\"https:\/\/www.sardegnasummer.it\/es\/promociones\/\" class=\"more-link\">Read More <span class=\"screen-reader-text\"> \u00abPromociones\u00bb<\/span><\/a><\/p>\n","protected":false},"author":1,"featured_media":0,"parent":0,"menu_order":0,"comment_status":"closed","ping_status":"closed","template":"","meta":{"footnotes":""},"class_list":["post-72735","page","type-page","status-publish","hentry"],"yoast_head":"<!-- This site is optimized with the Yoast SEO plugin v18.2 - https:\/\/yoast.com\/wordpress\/plugins\/seo\/ -->\n<title>Descubra nuestras ventajas de reserva | SardegnaSummer.it<\/title>\n<meta name=\"robots\" content=\"index, follow, max-snippet:-1, max-image-preview:large, max-video-preview:-1\" \/>\n<link rel=\"canonical\" href=\"https:\/\/www.sardegnasummer.it\/traghetti-promozioni\/\" \/>\n<meta property=\"og:locale\" content=\"es_ES\" \/>\n<meta property=\"og:type\" content=\"article\" \/>\n<meta property=\"og:title\" content=\"Descubra nuestras ventajas de reserva | SardegnaSummer.it\" \/>\n<meta property=\"og:description\" content=\"Reserve con nosotros RESERVA EN NUESTRA P\u00c1GINA WEB Y APROVECHA LOS DESCUENTOS Y VENTAJAS PARA TU VIAJE. Nuestros clientes directos pueden disfrutar de ventajas exclusivas, entre las que se incluyen descuentos especiales en las principales l\u00edneas de ferry, para que su experiencia de viaje sea m\u00e1s econ\u00f3mica. Una vez realizada la reserva, podr\u00e1 solicitar f\u00e1cilmente &hellip; Read More &quot;Promociones&quot;\" \/>\n<meta property=\"og:url\" content=\"https:\/\/www.sardegnasummer.it\/traghetti-promozioni\/\" \/>\n<meta property=\"og:site_name\" content=\"SardegnaSummer.it\" \/>\n<meta property=\"article:modified_time\" content=\"2026-01-29T14:26:16+00:00\" \/>\n<meta name=\"twitter:card\" content=\"summary_large_image\" \/>\n<meta name=\"twitter:label1\" content=\"Tiempo de lectura\" \/>\n\t<meta name=\"twitter:data1\" content=\"4 minutos\" \/>\n<script type=\"application\/ld+json\" class=\"yoast-schema-graph\">{\"@context\":\"https:\/\/schema.org\",\"@graph\":[{\"@type\":\"Organization\",\"@id\":\"https:\/\/www.sardegnasummer.it\/#organization\",\"name\":\"Sardegna Summer\",\"url\":\"https:\/\/www.sardegnasummer.it\/\",\"sameAs\":[],\"logo\":{\"@type\":\"ImageObject\",\"@id\":\"https:\/\/www.sardegnasummer.it\/#logo\",\"inLanguage\":\"es\",\"url\":\"https:\/\/www.sardegnasummer.it\/wp-content\/uploads\/2018\/12\/logo3-1.png\",\"contentUrl\":\"https:\/\/www.sardegnasummer.it\/wp-content\/uploads\/2018\/12\/logo3-1.png\",\"width\":261,\"height\":135,\"caption\":\"Sardegna Summer\"},\"image\":{\"@id\":\"https:\/\/www.sardegnasummer.it\/#logo\"}},{\"@type\":\"WebSite\",\"@id\":\"https:\/\/www.sardegnasummer.it\/#website\",\"url\":\"https:\/\/www.sardegnasummer.it\/\",\"name\":\"SardegnaSummer.it\",\"description\":\"\",\"publisher\":{\"@id\":\"https:\/\/www.sardegnasummer.it\/#organization\"},\"potentialAction\":[{\"@type\":\"SearchAction\",\"target\":{\"@type\":\"EntryPoint\",\"urlTemplate\":\"https:\/\/www.sardegnasummer.it\/?s={search_term_string}\"},\"query-input\":\"required name=search_term_string\"}],\"inLanguage\":\"es\"},{\"@type\":\"WebPage\",\"@id\":\"https:\/\/www.sardegnasummer.it\/traghetti-promozioni\/#webpage\",\"url\":\"https:\/\/www.sardegnasummer.it\/traghetti-promozioni\/\",\"name\":\"Descubra nuestras ventajas de reserva | SardegnaSummer.it\",\"isPartOf\":{\"@id\":\"https:\/\/www.sardegnasummer.it\/#website\"},\"datePublished\":\"2022-04-11T15:37:18+00:00\",\"dateModified\":\"2026-01-29T14:26:16+00:00\",\"breadcrumb\":{\"@id\":\"https:\/\/www.sardegnasummer.it\/traghetti-promozioni\/#breadcrumb\"},\"inLanguage\":\"es\",\"potentialAction\":[{\"@type\":\"ReadAction\",\"target\":[\"https:\/\/www.sardegnasummer.it\/traghetti-promozioni\/\"]}]},{\"@type\":\"BreadcrumbList\",\"@id\":\"https:\/\/www.sardegnasummer.it\/traghetti-promozioni\/#breadcrumb\",\"itemListElement\":[{\"@type\":\"ListItem\",\"position\":1,\"name\":\"Home\",\"item\":\"https:\/\/www.sardegnasummer.it\/es\/\"},{\"@type\":\"ListItem\",\"position\":2,\"name\":\"Promociones\"}]}]}<\/script>\n<!-- \/ Yoast SEO plugin. -->","yoast_head_json":{"title":"Descubra nuestras ventajas de reserva | SardegnaSummer.it","robots":{"index":"index","follow":"follow","max-snippet":"max-snippet:-1","max-image-preview":"max-image-preview:large","max-video-preview":"max-video-preview:-1"},"canonical":"https:\/\/www.sardegnasummer.it\/traghetti-promozioni\/","og_locale":"es_ES","og_type":"article","og_title":"Descubra nuestras ventajas de reserva | SardegnaSummer.it","og_description":"Reserve con nosotros RESERVA EN NUESTRA P\u00c1GINA WEB Y APROVECHA LOS DESCUENTOS Y VENTAJAS PARA TU VIAJE. Nuestros clientes directos pueden disfrutar de ventajas exclusivas, entre las que se incluyen descuentos especiales en las principales l\u00edneas de ferry, para que su experiencia de viaje sea m\u00e1s econ\u00f3mica. Una vez realizada la reserva, podr\u00e1 solicitar f\u00e1cilmente &hellip; Read More \"Promociones\"","og_url":"https:\/\/www.sardegnasummer.it\/traghetti-promozioni\/","og_site_name":"SardegnaSummer.it","article_modified_time":"2026-01-29T14:26:16+00:00","twitter_card":"summary_large_image","twitter_misc":{"Tiempo de lectura":"4 minutos"},"schema":{"@context":"https:\/\/schema.org","@graph":[{"@type":"Organization","@id":"https:\/\/www.sardegnasummer.it\/#organization","name":"Sardegna Summer","url":"https:\/\/www.sardegnasummer.it\/","sameAs":[],"logo":{"@type":"ImageObject","@id":"https:\/\/www.sardegnasummer.it\/#logo","inLanguage":"es","url":"https:\/\/www.sardegnasummer.it\/wp-content\/uploads\/2018\/12\/logo3-1.png","contentUrl":"https:\/\/www.sardegnasummer.it\/wp-content\/uploads\/2018\/12\/logo3-1.png","width":261,"height":135,"caption":"Sardegna Summer"},"image":{"@id":"https:\/\/www.sardegnasummer.it\/#logo"}},{"@type":"WebSite","@id":"https:\/\/www.sardegnasummer.it\/#website","url":"https:\/\/www.sardegnasummer.it\/","name":"SardegnaSummer.it","description":"","publisher":{"@id":"https:\/\/www.sardegnasummer.it\/#organization"},"potentialAction":[{"@type":"SearchAction","target":{"@type":"EntryPoint","urlTemplate":"https:\/\/www.sardegnasummer.it\/?s={search_term_string}"},"query-input":"required name=search_term_string"}],"inLanguage":"es"},{"@type":"WebPage","@id":"https:\/\/www.sardegnasummer.it\/traghetti-promozioni\/#webpage","url":"https:\/\/www.sardegnasummer.it\/traghetti-promozioni\/","name":"Descubra nuestras ventajas de reserva | SardegnaSummer.it","isPartOf":{"@id":"https:\/\/www.sardegnasummer.it\/#website"},"datePublished":"2022-04-11T15:37:18+00:00","dateModified":"2026-01-29T14:26:16+00:00","breadcrumb":{"@id":"https:\/\/www.sardegnasummer.it\/traghetti-promozioni\/#breadcrumb"},"inLanguage":"es","potentialAction":[{"@type":"ReadAction","target":["https:\/\/www.sardegnasummer.it\/traghetti-promozioni\/"]}]},{"@type":"BreadcrumbList","@id":"https:\/\/www.sardegnasummer.it\/traghetti-promozioni\/#breadcrumb","itemListElement":[{"@type":"ListItem","position":1,"name":"Home","item":"https:\/\/www.sardegnasummer.it\/es\/"},{"@type":"ListItem","position":2,"name":"Promociones"}]}]}},"_links":{"self":[{"href":"https:\/\/www.sardegnasummer.it\/es\/wp-json\/wp\/v2\/pages\/72735","targetHints":{"allow":["GET"]}}],"collection":[{"href":"https:\/\/www.sardegnasummer.it\/es\/wp-json\/wp\/v2\/pages"}],"about":[{"href":"https:\/\/www.sardegnasummer.it\/es\/wp-json\/wp\/v2\/types\/page"}],"author":[{"embeddable":true,"href":"https:\/\/www.sardegnasummer.it\/es\/wp-json\/wp\/v2\/users\/1"}],"replies":[{"embeddable":true,"href":"https:\/\/www.sardegnasummer.it\/es\/wp-json\/wp\/v2\/comments?post=72735"}],"version-history":[{"count":51,"href":"https:\/\/www.sardegnasummer.it\/es\/wp-json\/wp\/v2\/pages\/72735\/revisions"}],"predecessor-version":[{"id":534266,"href":"https:\/\/www.sardegnasummer.it\/es\/wp-json\/wp\/v2\/pages\/72735\/revisions\/534266"}],"wp:attachment":[{"href":"https:\/\/www.sardegnasummer.it\/es\/wp-json\/wp\/v2\/media?parent=72735"}],"curies":[{"name":"wp","href":"https:\/\/api.w.org\/{rel}","templated":true}]}}