{"id":72732,"date":"2022-04-11T17:37:18","date_gmt":"2022-04-11T15:37:18","guid":{"rendered":"https:\/\/www.sardegnasummer.it\/traghetti\/"},"modified":"2026-01-29T15:29:38","modified_gmt":"2026-01-29T14:29:38","slug":"ferries-et-promotions","status":"publish","type":"page","link":"https:\/\/www.sardegnasummer.it\/fr\/ferries-et-promotions\/","title":{"rendered":"Ferries et promotions"},"content":{"rendered":"\t\t<div data-elementor-type=\"wp-post\" data-elementor-id=\"72732\" class=\"elementor elementor-72732 elementor-21524\" data-elementor-settings=\"[]\">\n\t\t\t\t\t\t\t<div class=\"elementor-section-wrap\">\n\t\t\t\t\t\t\t<section class=\"elementor-section elementor-top-section elementor-element elementor-element-3ea6e59 elementor-section-boxed elementor-section-height-default elementor-section-height-default wpr-particle-no wpr-jarallax-no wpr-parallax-no wpr-sticky-section-no\" data-id=\"3ea6e59\" data-element_type=\"section\">\n\t\t\t\t\t\t<div class=\"elementor-container elementor-column-gap-default\">\n\t\t\t\t\t<div class=\"elementor-column elementor-col-100 elementor-top-column elementor-element elementor-element-4291917\" data-id=\"4291917\" data-element_type=\"column\">\n\t\t\t<div class=\"elementor-widget-wrap elementor-element-populated\">\n\t\t\t\t\t\t\t\t<div class=\"elementor-element elementor-element-ccef819 elementor-heading__align-center elementor-widget elementor-widget-heading\" data-id=\"ccef819\" data-element_type=\"widget\" data-widget_type=\"heading.default\">\n\t\t\t\t<div class=\"elementor-widget-container\">\n\t\t\t<style>\/*! elementor - v3.5.3 - 28-12-2021 *\/\n.elementor-heading-title{padding:0;margin:0;line-height:1}.elementor-widget-heading .elementor-heading-title[class*=elementor-size-]>a{color:inherit;font-size:inherit;line-height:inherit}.elementor-widget-heading .elementor-heading-title.elementor-size-small{font-size:15px}.elementor-widget-heading .elementor-heading-title.elementor-size-medium{font-size:19px}.elementor-widget-heading .elementor-heading-title.elementor-size-large{font-size:29px}.elementor-widget-heading .elementor-heading-title.elementor-size-xl{font-size:39px}.elementor-widget-heading .elementor-heading-title.elementor-size-xxl{font-size:59px}<\/style><h2 class=\"elementor-heading-title elementor-size-default\">r\u00e9servez avec nous<\/h2>\t\t<\/div>\n\t\t\t\t<\/div>\n\t\t\t\t<div class=\"elementor-element elementor-element-313280f elementor-widget elementor-widget-text-editor\" data-id=\"313280f\" data-element_type=\"widget\" data-widget_type=\"text-editor.default\">\n\t\t\t\t<div class=\"elementor-widget-container\">\n\t\t\t<style>\/*! elementor - v3.5.3 - 28-12-2021 *\/\n.elementor-widget-text-editor.elementor-drop-cap-view-stacked .elementor-drop-cap{background-color:#818a91;color:#fff}.elementor-widget-text-editor.elementor-drop-cap-view-framed .elementor-drop-cap{color:#818a91;border:3px solid;background-color:transparent}.elementor-widget-text-editor:not(.elementor-drop-cap-view-default) .elementor-drop-cap{margin-top:8px}.elementor-widget-text-editor:not(.elementor-drop-cap-view-default) .elementor-drop-cap-letter{width:1em;height:1em}.elementor-widget-text-editor .elementor-drop-cap{float:left;text-align:center;line-height:1;font-size:50px}.elementor-widget-text-editor .elementor-drop-cap-letter{display:inline-block}<\/style>\t\t\t\t<p>R\u00c9SERVEZ SUR NOTRE SITE ET PROFITEZ DE R\u00c9DUCTIONS ET D&rsquo;AVANTAGES POUR VOTRE VOYAGE<\/p>\t\t\t\t\t\t<\/div>\n\t\t\t\t<\/div>\n\t\t\t\t\t<\/div>\n\t\t<\/div>\n\t\t\t\t\t\t\t<\/div>\n\t\t<\/section>\n\t\t\t\t<section class=\"elementor-section elementor-top-section elementor-element elementor-element-335d66b elementor-section-full_width elementor-section-height-default elementor-section-height-default wpr-particle-no wpr-jarallax-no wpr-parallax-no wpr-sticky-section-no\" data-id=\"335d66b\" data-element_type=\"section\">\n\t\t\t\t\t\t<div class=\"elementor-container elementor-column-gap-default\">\n\t\t\t\t\t<div class=\"elementor-column elementor-col-100 elementor-top-column elementor-element elementor-element-5588ec0\" data-id=\"5588ec0\" data-element_type=\"column\">\n\t\t\t<div class=\"elementor-widget-wrap elementor-element-populated\">\n\t\t\t\t\t\t\t\t<div class=\"elementor-element elementor-element-d2efd3d elementor-widget elementor-widget-shortcode\" data-id=\"d2efd3d\" data-element_type=\"widget\" data-widget_type=\"shortcode.default\">\n\t\t\t\t<div class=\"elementor-widget-container\">\n\t\t\t\t\t<div class=\"elementor-shortcode\">\n    <div style=\"margin-left:auto; margin-right:auto; max-width:820px\">\n        <iframe\n            id=\"tlines\"\n            src=\"https:\/\/www.misterferry.fr\/fr\/sardaigne-ferries.aspx?UAID=236459&bkcolor=0&txtcolor=131F6E&bkbtncolor=365398&txtbtncolor=FFFFFF&bktitolo=20458B&txttitolo=FFFFFF&language=fr&iframe_booking=true&v2=true\"\n            style=\"border:0; width:100%;\"\n            class=\"tlines_frame\"\n            scrolling=\"no\">\n        <\/iframe>\n\n        <p style=\"font-size:11px;margin:auto;font-family:Verdana;width:100%;color:#666;margin-bottom:12px;text-align:center;\">\n            Service op\u00e9r\u00e9 par\n            <a href=\"https:\/\/www.misterferry.fr\/fr\/sardaigne-ferries.aspx?UAID=236459&bkcolor=0&txtcolor=131F6E&bkbtncolor=365398&txtbtncolor=FFFFFF&bktitolo=20458B&txttitolo=FFFFFF\"\n               target=\"_blank\"\n               style=\"color:#666;text-decoration:none\">\n                Misterferry.fr\n            <\/a>\n        <\/p>\n    <\/div>\n<\/div>\n\t\t\t\t<\/div>\n\t\t\t\t<\/div>\n\t\t\t\t\t<\/div>\n\t\t<\/div>\n\t\t\t\t\t\t\t<\/div>\n\t\t<\/section>\n\t\t\t\t<section class=\"elementor-section elementor-top-section elementor-element elementor-element-272ef2a elementor-section-boxed elementor-section-height-default elementor-section-height-default wpr-particle-no wpr-jarallax-no wpr-parallax-no wpr-sticky-section-no\" data-id=\"272ef2a\" data-element_type=\"section\">\n\t\t\t\t\t\t<div class=\"elementor-container elementor-column-gap-default\">\n\t\t\t\t\t<div class=\"elementor-column elementor-col-100 elementor-top-column elementor-element elementor-element-ce31e7e\" data-id=\"ce31e7e\" data-element_type=\"column\">\n\t\t\t<div class=\"elementor-widget-wrap elementor-element-populated\">\n\t\t\t\t\t\t\t\t<div class=\"elementor-element elementor-element-82159f9 elementor-widget elementor-widget-text-editor\" data-id=\"82159f9\" data-element_type=\"widget\" data-widget_type=\"text-editor.default\">\n\t\t\t\t<div class=\"elementor-widget-container\">\n\t\t\t\t\t\t\t<p style=\"text-align: center;\"><span style=\"color: #040231;\">Nos clients directs peuvent b\u00e9n\u00e9ficier d&rsquo;avantages exclusifs, notamment des r\u00e9ductions sp\u00e9ciales sur les principales lignes de ferry, pour une exp\u00e9rience de voyage plus abordable. Apr\u00e8s avoir effectu\u00e9 votre r\u00e9servation, vous pourrez facilement demander la r\u00e9duction pour la compagnie de ferry de votre choix.<\/span><\/p>\n<p style=\"text-align: center;\"><span style=\"text-align: left;\"><span style=\"color: #040231;\">\u00a0<\/span><\/span><\/p>\n<p style=\"text-align: center;\"><span style=\"text-align: left;\"><span style=\"color: #040231;\">D\u00c9COUVREZ LES AUTRES AVANTAGES DE LA R\u00c9SERVATION DIRECTE AVEC NOUS<\/span><\/span><\/p>\t\t\t\t\t\t<\/div>\n\t\t\t\t<\/div>\n\t\t\t\t\t<\/div>\n\t\t<\/div>\n\t\t\t\t\t\t\t<\/div>\n\t\t<\/section>\n\t\t\t\t<section class=\"elementor-section elementor-top-section elementor-element elementor-element-601dbb4 elementor-section-boxed elementor-section-height-default elementor-section-height-default wpr-particle-no wpr-jarallax-no wpr-parallax-no wpr-sticky-section-no\" data-id=\"601dbb4\" data-element_type=\"section\">\n\t\t\t\t\t\t<div class=\"elementor-container elementor-column-gap-default\">\n\t\t\t\t\t<div class=\"elementor-column elementor-col-50 elementor-top-column elementor-element elementor-element-c804000\" data-id=\"c804000\" data-element_type=\"column\">\n\t\t\t<div class=\"elementor-widget-wrap elementor-element-populated\">\n\t\t\t\t\t\t\t\t<div class=\"elementor-element elementor-element-a47ee21 elementor-widget elementor-widget-text-editor\" data-id=\"a47ee21\" data-element_type=\"widget\" data-widget_type=\"text-editor.default\">\n\t\t\t\t<div class=\"elementor-widget-container\">\n\t\t\t\t\t\t\t<p style=\"text-align: justify;\"><span style=\"color: #040231;\"><b>Pack de bienvenue gratuit pour les b\u00e9b\u00e9s<\/b><\/span><\/p>\n<p style=\"font-size: 16px; color: #040231; text-align: justify;\"><span style=\"font-size: 16px;\">\u00a0<\/span><\/p>\n<p style=\"text-align: justify;\"><span style=\"color: #040231;\">Le meilleur accueil pour les familles avec enfants. Pour rendre le s\u00e9jour des familles avec enfants encore plus agr\u00e9able et confortable, nous proposons un kit con\u00e7u pour r\u00e9pondre \u00e0 tous les besoins des parents et des enfants. Chaque famille s\u00e9journant chez nous recevra une s\u00e9lection de produits et de services sp\u00e9cialement con\u00e7us pour garantir confort et commodit\u00e9.<\/span><\/p>\t\t\t\t\t\t<\/div>\n\t\t\t\t<\/div>\n\t\t\t\t\t<\/div>\n\t\t<\/div>\n\t\t\t\t<div class=\"elementor-column elementor-col-50 elementor-top-column elementor-element elementor-element-abf6678\" data-id=\"abf6678\" data-element_type=\"column\">\n\t\t\t<div class=\"elementor-widget-wrap elementor-element-populated\">\n\t\t\t\t\t\t\t\t<div class=\"elementor-element elementor-element-170cae3 elementor-widget elementor-widget-text-editor\" data-id=\"170cae3\" data-element_type=\"widget\" data-widget_type=\"text-editor.default\">\n\t\t\t\t<div class=\"elementor-widget-container\">\n\t\t\t\t\t\t\t<p style=\"text-align: justify;\"><span style=\"color: #040231;\"><b>Les avantages sur notre site<\/b><\/span><\/p>\n<p style=\"text-align: justify;\"><span style=\"color: #040231; font-size: 16px;\">\u00a0<\/span><\/p>\n<p style=\"text-align: justify;\"><span style=\"color: #040231;\">En r\u00e9servant sur notre site, vos vacances vous co\u00fbteront beaucoup moins cher, en moyenne 20 % de moins que les autres canaux de r\u00e9servation. Cela vous permettra de profiter d&rsquo;une exp\u00e9rience de voyage tout aussi m\u00e9morable, mais avec une \u00e9conomie significative sur le prix final.<\/span><\/p>\t\t\t\t\t\t<\/div>\n\t\t\t\t<\/div>\n\t\t\t\t\t<\/div>\n\t\t<\/div>\n\t\t\t\t\t\t\t<\/div>\n\t\t<\/section>\n\t\t\t\t<section class=\"elementor-section elementor-top-section elementor-element elementor-element-2c6b736 elementor-section-boxed elementor-section-height-default elementor-section-height-default wpr-particle-no wpr-jarallax-no wpr-parallax-no wpr-sticky-section-no\" data-id=\"2c6b736\" data-element_type=\"section\">\n\t\t\t\t\t\t<div class=\"elementor-container elementor-column-gap-default\">\n\t\t\t\t\t<div class=\"elementor-column elementor-col-50 elementor-top-column elementor-element elementor-element-74bd19a\" data-id=\"74bd19a\" data-element_type=\"column\">\n\t\t\t<div class=\"elementor-widget-wrap elementor-element-populated\">\n\t\t\t\t\t\t\t\t<div class=\"elementor-element elementor-element-b52023d elementor-widget elementor-widget-text-editor\" data-id=\"b52023d\" data-element_type=\"widget\" data-widget_type=\"text-editor.default\">\n\t\t\t\t<div class=\"elementor-widget-container\">\n\t\t\t\t\t\t\t<p style=\"text-align: justify;\"><span style=\"color: #040231;\"><b>Upgrade<\/b><\/span><\/p>\n<p style=\"text-align: justify;\"><span style=\"color: #040231;\"><b>\u00a0<\/b><\/span><\/p>\n<p style=\"text-align: justify;\"><span style=\"color: #040231;\">Surclassement gratuit de type de chambre (si disponible). Pour profiter de cette opportunit\u00e9 exclusive, veuillez nous contacter avant votre arriv\u00e9e, en indiquant votre int\u00e9r\u00eat pour un surclassement. Nous serons heureux de faire tout notre possible pour rendre votre exp\u00e9rience encore plus confortable.<\/span><\/p>\t\t\t\t\t\t<\/div>\n\t\t\t\t<\/div>\n\t\t\t\t\t<\/div>\n\t\t<\/div>\n\t\t\t\t<div class=\"elementor-column elementor-col-50 elementor-top-column elementor-element elementor-element-7901897\" data-id=\"7901897\" data-element_type=\"column\">\n\t\t\t<div class=\"elementor-widget-wrap elementor-element-populated\">\n\t\t\t\t\t\t\t\t<div class=\"elementor-element elementor-element-c1f2a21 elementor-widget elementor-widget-text-editor\" data-id=\"c1f2a21\" data-element_type=\"widget\" data-widget_type=\"text-editor.default\">\n\t\t\t\t<div class=\"elementor-widget-container\">\n\t\t\t\t\t\t\t<p style=\"text-align: justify;\"><span style=\"color: #040231;\"><b>Flexibilit\u00e9<\/b><\/span><\/p>\n<p style=\"text-align: justify;\"><span style=\"color: #040231;\"><b>\u00a0<\/b><\/span><\/p>\n<p style=\"text-align: justify;\"><span style=\"color: #040231;\">Flexibilit\u00e9 en ce qui concerne les annulations et les changements de date. Vous pourrez communiquer directement avec notre personnel exp\u00e9riment\u00e9 et serviable, qui sera pr\u00eat \u00e0 vous aider pour tout changement ou toute information dont vous aurez besoin. Gr\u00e2ce \u00e0 l&rsquo;attention que nous portons \u00e0 nos clients, chaque demande sera trait\u00e9e avec le plus grand soin et la plus grande simplicit\u00e9.<\/span><\/p>\t\t\t\t\t\t<\/div>\n\t\t\t\t<\/div>\n\t\t\t\t\t<\/div>\n\t\t<\/div>\n\t\t\t\t\t\t\t<\/div>\n\t\t<\/section>\n\t\t\t\t\t\t<\/div>\n\t\t\t\t\t<\/div>\n\t\t","protected":false},"excerpt":{"rendered":"<p>r\u00e9servez avec nous R\u00c9SERVEZ SUR NOTRE SITE ET PROFITEZ DE R\u00c9DUCTIONS ET D&rsquo;AVANTAGES POUR VOTRE VOYAGE Nos clients directs peuvent b\u00e9n\u00e9ficier d&rsquo;avantages exclusifs, notamment des r\u00e9ductions sp\u00e9ciales sur les principales lignes de ferry, pour une exp\u00e9rience de voyage plus abordable. Apr\u00e8s avoir effectu\u00e9 votre r\u00e9servation, vous pourrez facilement demander la r\u00e9duction pour la compagnie de &hellip; <\/p>\n<p class=\"link-more\"><a href=\"https:\/\/www.sardegnasummer.it\/fr\/ferries-et-promotions\/\" class=\"more-link\">Read More <span class=\"screen-reader-text\"> \u00ab\u00a0Ferries et promotions\u00a0\u00bb<\/span><\/a><\/p>\n","protected":false},"author":1,"featured_media":0,"parent":0,"menu_order":0,"comment_status":"closed","ping_status":"closed","template":"","meta":{"footnotes":""},"class_list":["post-72732","page","type-page","status-publish","hentry"],"yoast_head":"<!-- This site is optimized with the Yoast SEO plugin v18.2 - https:\/\/yoast.com\/wordpress\/plugins\/seo\/ -->\n<title>D\u00e9couvrez nos avantages en mati\u00e8re de r\u00e9servation | SardegnaSummer.it<\/title>\n<meta name=\"robots\" content=\"index, follow, max-snippet:-1, max-image-preview:large, max-video-preview:-1\" \/>\n<link rel=\"canonical\" href=\"https:\/\/www.sardegnasummer.it\/traghetti-promozioni\/\" \/>\n<meta property=\"og:locale\" content=\"fr_FR\" \/>\n<meta property=\"og:type\" content=\"article\" \/>\n<meta property=\"og:title\" content=\"D\u00e9couvrez nos avantages en mati\u00e8re de r\u00e9servation | SardegnaSummer.it\" \/>\n<meta property=\"og:description\" content=\"r\u00e9servez avec nous R\u00c9SERVEZ SUR NOTRE SITE ET PROFITEZ DE R\u00c9DUCTIONS ET D&rsquo;AVANTAGES POUR VOTRE VOYAGE Nos clients directs peuvent b\u00e9n\u00e9ficier d&rsquo;avantages exclusifs, notamment des r\u00e9ductions sp\u00e9ciales sur les principales lignes de ferry, pour une exp\u00e9rience de voyage plus abordable. Apr\u00e8s avoir effectu\u00e9 votre r\u00e9servation, vous pourrez facilement demander la r\u00e9duction pour la compagnie de &hellip; Read More &quot;Ferries et promotions&quot;\" \/>\n<meta property=\"og:url\" content=\"https:\/\/www.sardegnasummer.it\/traghetti-promozioni\/\" \/>\n<meta property=\"og:site_name\" content=\"SardegnaSummer.it\" \/>\n<meta property=\"article:modified_time\" content=\"2026-01-29T14:29:38+00:00\" \/>\n<meta name=\"twitter:card\" content=\"summary_large_image\" \/>\n<meta name=\"twitter:label1\" content=\"Dur\u00e9e de lecture estim\u00e9e\" \/>\n\t<meta name=\"twitter:data1\" content=\"4 minutes\" \/>\n<script type=\"application\/ld+json\" class=\"yoast-schema-graph\">{\"@context\":\"https:\/\/schema.org\",\"@graph\":[{\"@type\":\"Organization\",\"@id\":\"https:\/\/www.sardegnasummer.it\/#organization\",\"name\":\"Sardegna Summer\",\"url\":\"https:\/\/www.sardegnasummer.it\/\",\"sameAs\":[],\"logo\":{\"@type\":\"ImageObject\",\"@id\":\"https:\/\/www.sardegnasummer.it\/#logo\",\"inLanguage\":\"fr-FR\",\"url\":\"https:\/\/www.sardegnasummer.it\/wp-content\/uploads\/2018\/12\/logo3-1.png\",\"contentUrl\":\"https:\/\/www.sardegnasummer.it\/wp-content\/uploads\/2018\/12\/logo3-1.png\",\"width\":261,\"height\":135,\"caption\":\"Sardegna Summer\"},\"image\":{\"@id\":\"https:\/\/www.sardegnasummer.it\/#logo\"}},{\"@type\":\"WebSite\",\"@id\":\"https:\/\/www.sardegnasummer.it\/#website\",\"url\":\"https:\/\/www.sardegnasummer.it\/\",\"name\":\"SardegnaSummer.it\",\"description\":\"\",\"publisher\":{\"@id\":\"https:\/\/www.sardegnasummer.it\/#organization\"},\"potentialAction\":[{\"@type\":\"SearchAction\",\"target\":{\"@type\":\"EntryPoint\",\"urlTemplate\":\"https:\/\/www.sardegnasummer.it\/?s={search_term_string}\"},\"query-input\":\"required name=search_term_string\"}],\"inLanguage\":\"fr-FR\"},{\"@type\":\"WebPage\",\"@id\":\"https:\/\/www.sardegnasummer.it\/traghetti-promozioni\/#webpage\",\"url\":\"https:\/\/www.sardegnasummer.it\/traghetti-promozioni\/\",\"name\":\"D\u00e9couvrez nos avantages en mati\u00e8re de r\u00e9servation | SardegnaSummer.it\",\"isPartOf\":{\"@id\":\"https:\/\/www.sardegnasummer.it\/#website\"},\"datePublished\":\"2022-04-11T15:37:18+00:00\",\"dateModified\":\"2026-01-29T14:29:38+00:00\",\"breadcrumb\":{\"@id\":\"https:\/\/www.sardegnasummer.it\/traghetti-promozioni\/#breadcrumb\"},\"inLanguage\":\"fr-FR\",\"potentialAction\":[{\"@type\":\"ReadAction\",\"target\":[\"https:\/\/www.sardegnasummer.it\/traghetti-promozioni\/\"]}]},{\"@type\":\"BreadcrumbList\",\"@id\":\"https:\/\/www.sardegnasummer.it\/traghetti-promozioni\/#breadcrumb\",\"itemListElement\":[{\"@type\":\"ListItem\",\"position\":1,\"name\":\"Home\",\"item\":\"https:\/\/www.sardegnasummer.it\/\"},{\"@type\":\"ListItem\",\"position\":2,\"name\":\"Ferries et promotions\"}]}]}<\/script>\n<!-- \/ Yoast SEO plugin. -->","yoast_head_json":{"title":"D\u00e9couvrez nos avantages en mati\u00e8re de r\u00e9servation | SardegnaSummer.it","robots":{"index":"index","follow":"follow","max-snippet":"max-snippet:-1","max-image-preview":"max-image-preview:large","max-video-preview":"max-video-preview:-1"},"canonical":"https:\/\/www.sardegnasummer.it\/traghetti-promozioni\/","og_locale":"fr_FR","og_type":"article","og_title":"D\u00e9couvrez nos avantages en mati\u00e8re de r\u00e9servation | SardegnaSummer.it","og_description":"r\u00e9servez avec nous R\u00c9SERVEZ SUR NOTRE SITE ET PROFITEZ DE R\u00c9DUCTIONS ET D&rsquo;AVANTAGES POUR VOTRE VOYAGE Nos clients directs peuvent b\u00e9n\u00e9ficier d&rsquo;avantages exclusifs, notamment des r\u00e9ductions sp\u00e9ciales sur les principales lignes de ferry, pour une exp\u00e9rience de voyage plus abordable. Apr\u00e8s avoir effectu\u00e9 votre r\u00e9servation, vous pourrez facilement demander la r\u00e9duction pour la compagnie de &hellip; Read More \"Ferries et promotions\"","og_url":"https:\/\/www.sardegnasummer.it\/traghetti-promozioni\/","og_site_name":"SardegnaSummer.it","article_modified_time":"2026-01-29T14:29:38+00:00","twitter_card":"summary_large_image","twitter_misc":{"Dur\u00e9e de lecture estim\u00e9e":"4 minutes"},"schema":{"@context":"https:\/\/schema.org","@graph":[{"@type":"Organization","@id":"https:\/\/www.sardegnasummer.it\/#organization","name":"Sardegna Summer","url":"https:\/\/www.sardegnasummer.it\/","sameAs":[],"logo":{"@type":"ImageObject","@id":"https:\/\/www.sardegnasummer.it\/#logo","inLanguage":"fr-FR","url":"https:\/\/www.sardegnasummer.it\/wp-content\/uploads\/2018\/12\/logo3-1.png","contentUrl":"https:\/\/www.sardegnasummer.it\/wp-content\/uploads\/2018\/12\/logo3-1.png","width":261,"height":135,"caption":"Sardegna Summer"},"image":{"@id":"https:\/\/www.sardegnasummer.it\/#logo"}},{"@type":"WebSite","@id":"https:\/\/www.sardegnasummer.it\/#website","url":"https:\/\/www.sardegnasummer.it\/","name":"SardegnaSummer.it","description":"","publisher":{"@id":"https:\/\/www.sardegnasummer.it\/#organization"},"potentialAction":[{"@type":"SearchAction","target":{"@type":"EntryPoint","urlTemplate":"https:\/\/www.sardegnasummer.it\/?s={search_term_string}"},"query-input":"required name=search_term_string"}],"inLanguage":"fr-FR"},{"@type":"WebPage","@id":"https:\/\/www.sardegnasummer.it\/traghetti-promozioni\/#webpage","url":"https:\/\/www.sardegnasummer.it\/traghetti-promozioni\/","name":"D\u00e9couvrez nos avantages en mati\u00e8re de r\u00e9servation | SardegnaSummer.it","isPartOf":{"@id":"https:\/\/www.sardegnasummer.it\/#website"},"datePublished":"2022-04-11T15:37:18+00:00","dateModified":"2026-01-29T14:29:38+00:00","breadcrumb":{"@id":"https:\/\/www.sardegnasummer.it\/traghetti-promozioni\/#breadcrumb"},"inLanguage":"fr-FR","potentialAction":[{"@type":"ReadAction","target":["https:\/\/www.sardegnasummer.it\/traghetti-promozioni\/"]}]},{"@type":"BreadcrumbList","@id":"https:\/\/www.sardegnasummer.it\/traghetti-promozioni\/#breadcrumb","itemListElement":[{"@type":"ListItem","position":1,"name":"Home","item":"https:\/\/www.sardegnasummer.it\/"},{"@type":"ListItem","position":2,"name":"Ferries et promotions"}]}]}},"_links":{"self":[{"href":"https:\/\/www.sardegnasummer.it\/fr\/wp-json\/wp\/v2\/pages\/72732","targetHints":{"allow":["GET"]}}],"collection":[{"href":"https:\/\/www.sardegnasummer.it\/fr\/wp-json\/wp\/v2\/pages"}],"about":[{"href":"https:\/\/www.sardegnasummer.it\/fr\/wp-json\/wp\/v2\/types\/page"}],"author":[{"embeddable":true,"href":"https:\/\/www.sardegnasummer.it\/fr\/wp-json\/wp\/v2\/users\/1"}],"replies":[{"embeddable":true,"href":"https:\/\/www.sardegnasummer.it\/fr\/wp-json\/wp\/v2\/comments?post=72732"}],"version-history":[{"count":42,"href":"https:\/\/www.sardegnasummer.it\/fr\/wp-json\/wp\/v2\/pages\/72732\/revisions"}],"predecessor-version":[{"id":534295,"href":"https:\/\/www.sardegnasummer.it\/fr\/wp-json\/wp\/v2\/pages\/72732\/revisions\/534295"}],"wp:attachment":[{"href":"https:\/\/www.sardegnasummer.it\/fr\/wp-json\/wp\/v2\/media?parent=72732"}],"curies":[{"name":"wp","href":"https:\/\/api.w.org\/{rel}","templated":true}]}}